{"id":31,"date":"2025-12-08T15:00:40","date_gmt":"2025-12-08T12:00:40","guid":{"rendered":"https:\/\/www.zoto.com.tr\/?page_id=31"},"modified":"2025-12-09T13:55:26","modified_gmt":"2025-12-09T10:55:26","slug":"lorem-ipsum-is-printing-and-3","status":"publish","type":"page","link":"https:\/\/www.zoto.com.tr\/?page_id=31","title":{"rendered":"ARA\u00c7 MI ALMAK \u0130ST\u0130YORSUNUZ?"},"content":{"rendered":"","protected":false},"excerpt":{"rendered":"","protected":false},"author":1,"featured_media":63,"parent":0,"menu_order":0,"comment_status":"closed","ping_status":"closed","template":"","meta":{"footnotes":""},"class_list":["post-31","page","type-page","status-publish","has-post-thumbnail","hentry"],"_links":{"self":[{"href":"https:\/\/www.zoto.com.tr\/index.php?rest_route=\/wp\/v2\/pages\/31","targetHints":{"allow":["GET"]}}],"collection":[{"href":"https:\/\/www.zoto.com.tr\/index.php?rest_route=\/wp\/v2\/pages"}],"about":[{"href":"https:\/\/www.zoto.com.tr\/index.php?rest_route=\/wp\/v2\/types\/page"}],"author":[{"embeddable":true,"href":"https:\/\/www.zoto.com.tr\/index.php?rest_route=\/wp\/v2\/users\/1"}],"replies":[{"embeddable":true,"href":"https:\/\/www.zoto.com.tr\/index.php?rest_route=%2Fwp%2Fv2%2Fcomments&post=31"}],"version-history":[{"count":1,"href":"https:\/\/www.zoto.com.tr\/index.php?rest_route=\/wp\/v2\/pages\/31\/revisions"}],"predecessor-version":[{"id":49,"href":"https:\/\/www.zoto.com.tr\/index.php?rest_route=\/wp\/v2\/pages\/31\/revisions\/49"}],"wp:featuredmedia":[{"embeddable":true,"href":"https:\/\/www.zoto.com.tr\/index.php?rest_route=\/wp\/v2\/media\/63"}],"wp:attachment":[{"href":"https:\/\/www.zoto.com.tr\/index.php?rest_route=%2Fwp%2Fv2%2Fmedia&parent=31"}],"curies":[{"name":"wp","href":"https:\/\/api.w.org\/{rel}","templated":true}]}}