{"id":35,"date":"2025-12-08T15:00:43","date_gmt":"2025-12-08T12:00:43","guid":{"rendered":"https:\/\/www.zoto.com.tr\/?page_id=35"},"modified":"2025-12-09T13:58:59","modified_gmt":"2025-12-09T10:58:59","slug":"lorem-ipsum-is-printing-and-5","status":"publish","type":"page","link":"https:\/\/www.zoto.com.tr\/?page_id=35","title":{"rendered":"ZOTO ALIM SATIM &amp; YEDEK PAR\u00c7A"},"content":{"rendered":"\n<p>ZOTO, otomotiv ekosisteminde g\u00fcveni, h\u0131zla bulu\u015fturan yeni nesil al\u0131m\u2013sat\u0131m ve yedek par\u00e7a operasyon merkezi. Oyunun kurallar\u0131n\u0131 yeniden yazmay\u0131 hedefleyen, verimlilik odakl\u0131 bir i\u015f modelimiz var. M\u00fc\u015fterilerimizin ara\u00e7la ilgili her temas noktas\u0131nda \u201cs\u0131f\u0131r stres, maksimum performans\u201d deneyimi ya\u015famas\u0131 i\u00e7in \u00e7al\u0131\u015f\u0131yoruz.<\/p>\n\n\n\n<p>Ara\u00e7 al\u0131m sat\u0131m s\u00fcre\u00e7lerinde \u015feffafl\u0131k, teknik do\u011fruluk ve katma de\u011fer yaratmak temel KPI\u2019lar\u0131m\u0131z aras\u0131nda. Yedek par\u00e7a taraf\u0131nda ise kalite validasyonundan ge\u00e7mi\u015f, uzun \u00f6m\u00fcrl\u00fc, \u00e7\u00f6z\u00fcm odakl\u0131 \u00fcr\u00fcn gam\u0131yla pazarda fark yarat\u0131yoruz. ZOTO; do\u011fru \u00fcr\u00fcn\u00fc, do\u011fru fiyatla, do\u011fru zamanda kullan\u0131c\u0131yla bulu\u015fturan \u00e7evik bir servis yakla\u015f\u0131m\u0131n\u0131 benimsiyor.<\/p>\n\n\n\n<p>Bizim i\u00e7in otomotiv sadece bir sekt\u00f6r de\u011fil; inovasyon, s\u00fcrd\u00fcr\u00fclebilirlik ve m\u00fc\u015fteri memnuniyeti ekseninde b\u00fcy\u00fcyen bir deneyim alan\u0131. Pazar\u0131 takip etmiyoruz, pazara y\u00f6n veren yap\u0131lardan biri olmay\u0131 hedefliyoruz.<\/p>\n\n\n\n<p>ZOTO ile tan\u0131\u015fan herkes, ara\u00e7 d\u00fcnyas\u0131nda g\u00fcvenilir bir partneri oldu\u011funu bilir. \u00c7\u00fcnk\u00fc biz bu i\u015fi tutkuyla yap\u0131yoruz; h\u0131zl\u0131 d\u00fc\u015f\u00fcn\u00fcyor, ak\u0131ll\u0131 \u00e7\u00f6z\u00fcmler sunuyor ve her ad\u0131mda sahada fark yarat\u0131yoruz.<\/p>\n\n\n\n<p><\/p>\n","protected":false},"excerpt":{"rendered":"<p>ZOTO, otomotiv ekosisteminde g\u00fcveni, h\u0131zla bulu\u015fturan yeni nesil al\u0131m\u2013sat\u0131m ve yedek par\u00e7a operasyon merkezi. Oyunun kurallar\u0131n\u0131 yeniden yazmay\u0131 hedefleyen, verimlilik odakl\u0131 bir i\u015f modelimiz var. M\u00fc\u015fterilerimizin ara\u00e7la ilgili her temas noktas\u0131nda \u201cs\u0131f\u0131r stres, maksimum performans\u201d deneyimi ya\u015famas\u0131 i\u00e7in \u00e7al\u0131\u015f\u0131yoruz. Ara\u00e7 al\u0131m sat\u0131m s\u00fcre\u00e7lerinde \u015feffafl\u0131k, teknik do\u011fruluk ve katma de\u011fer yaratmak temel KPI\u2019lar\u0131m\u0131z aras\u0131nda. Yedek par\u00e7a [&hellip;]<\/p>\n","protected":false},"author":1,"featured_media":66,"parent":0,"menu_order":0,"comment_status":"closed","ping_status":"closed","template":"","meta":{"footnotes":""},"class_list":["post-35","page","type-page","status-publish","has-post-thumbnail","hentry"],"_links":{"self":[{"href":"https:\/\/www.zoto.com.tr\/index.php?rest_route=\/wp\/v2\/pages\/35","targetHints":{"allow":["GET"]}}],"collection":[{"href":"https:\/\/www.zoto.com.tr\/index.php?rest_route=\/wp\/v2\/pages"}],"about":[{"href":"https:\/\/www.zoto.com.tr\/index.php?rest_route=\/wp\/v2\/types\/page"}],"author":[{"embeddable":true,"href":"https:\/\/www.zoto.com.tr\/index.php?rest_route=\/wp\/v2\/users\/1"}],"replies":[{"embeddable":true,"href":"https:\/\/www.zoto.com.tr\/index.php?rest_route=%2Fwp%2Fv2%2Fcomments&post=35"}],"version-history":[{"count":1,"href":"https:\/\/www.zoto.com.tr\/index.php?rest_route=\/wp\/v2\/pages\/35\/revisions"}],"predecessor-version":[{"id":53,"href":"https:\/\/www.zoto.com.tr\/index.php?rest_route=\/wp\/v2\/pages\/35\/revisions\/53"}],"wp:featuredmedia":[{"embeddable":true,"href":"https:\/\/www.zoto.com.tr\/index.php?rest_route=\/wp\/v2\/media\/66"}],"wp:attachment":[{"href":"https:\/\/www.zoto.com.tr\/index.php?rest_route=%2Fwp%2Fv2%2Fmedia&parent=35"}],"curies":[{"name":"wp","href":"https:\/\/api.w.org\/{rel}","templated":true}]}}